{"id":302,"date":"2020-10-07T09:04:39","date_gmt":"2020-10-07T07:04:39","guid":{"rendered":"http:\/\/tiphaniesaiman.com\/?page_id=302"},"modified":"2020-10-26T11:19:57","modified_gmt":"2020-10-26T10:19:57","slug":"affirmer-son-espace-vocal","status":"publish","type":"page","link":"https:\/\/tiphaniesaiman.com\/index.php\/affirmer-son-espace-vocal\/","title":{"rendered":"Affirmer son espace vocal"},"content":{"rendered":"\n<p><strong>Coaching individuel<\/strong> : 1H<\/p>\n\n\n\n<div class=\"wp-block-image\"><figure class=\"alignleft size-large is-resized\"><img loading=\"lazy\" decoding=\"async\" src=\"http:\/\/tiphaniesaiman.com\/wp-content\/uploads\/2020\/10\/Affirmer-son-espace-vocal-femme-OK-2-1024x683.jpg\" alt=\"\" class=\"wp-image-490\" width=\"340\" height=\"226\" srcset=\"https:\/\/tiphaniesaiman.com\/wp-content\/uploads\/2020\/10\/Affirmer-son-espace-vocal-femme-OK-2-1024x683.jpg 1024w, https:\/\/tiphaniesaiman.com\/wp-content\/uploads\/2020\/10\/Affirmer-son-espace-vocal-femme-OK-2-300x200.jpg 300w, https:\/\/tiphaniesaiman.com\/wp-content\/uploads\/2020\/10\/Affirmer-son-espace-vocal-femme-OK-2-768x512.jpg 768w, https:\/\/tiphaniesaiman.com\/wp-content\/uploads\/2020\/10\/Affirmer-son-espace-vocal-femme-OK-2-1536x1024.jpg 1536w, https:\/\/tiphaniesaiman.com\/wp-content\/uploads\/2020\/10\/Affirmer-son-espace-vocal-femme-OK-2.jpg 1920w\" sizes=\"auto, (max-width: 340px) 100vw, 340px\" \/><\/figure><\/div>\n\n\n\n<p class=\"has-text-color\" style=\"color:#dc7302\"><strong>&#8211; Vous avez toujours peur de d\u00e9ranger les autres ? Vous avez du mal \u00e0 vous affirmer, \u00e0 prendre votre place ? <br>&#8211; Vous vous contentez de celle qui vous est donn\u00e9e ? <br>&#8211; Votre voix ne s\u2019exprime qu\u2019avec un faible niveau sonore ? <br>&#8211; Vous ne vous sentez pas l\u00e9gitime dans le fait d\u2019oser dire \u00ab NON \u00bb ?<\/strong><br><\/p>\n\n\n\n<p class=\"has-text-align-right\"><strong>Ensemble, nous allons voir des outils<\/strong> notamment psycho-corporels, issus de la technique vocale mais aussi d\u2019art-th\u00e9rapie <strong>pour vous permettre d\u2019\u00e9voluer \u00e0 votre rythme sur le chemin du mieux-\u00eatre.<\/strong><\/p>\n","protected":false},"excerpt":{"rendered":"<p>Coaching individuel : 1H &#8211; Vous avez toujours peur de<span class=\"more-button\"><a href=\"https:\/\/tiphaniesaiman.com\/index.php\/affirmer-son-espace-vocal\/\" class=\"more-link\">Continue reading<span class=\"screen-reader-text\">Affirmer son espace vocal<\/span><\/a><\/span><\/p>\n","protected":false},"author":1,"featured_media":0,"parent":0,"menu_order":0,"comment_status":"closed","ping_status":"closed","template":"","meta":{"footnotes":""},"class_list":["post-302","page","type-page","status-publish","hentry"],"_links":{"self":[{"href":"https:\/\/tiphaniesaiman.com\/index.php\/wp-json\/wp\/v2\/pages\/302","targetHints":{"allow":["GET"]}}],"collection":[{"href":"https:\/\/tiphaniesaiman.com\/index.php\/wp-json\/wp\/v2\/pages"}],"about":[{"href":"https:\/\/tiphaniesaiman.com\/index.php\/wp-json\/wp\/v2\/types\/page"}],"author":[{"embeddable":true,"href":"https:\/\/tiphaniesaiman.com\/index.php\/wp-json\/wp\/v2\/users\/1"}],"replies":[{"embeddable":true,"href":"https:\/\/tiphaniesaiman.com\/index.php\/wp-json\/wp\/v2\/comments?post=302"}],"version-history":[{"count":5,"href":"https:\/\/tiphaniesaiman.com\/index.php\/wp-json\/wp\/v2\/pages\/302\/revisions"}],"predecessor-version":[{"id":492,"href":"https:\/\/tiphaniesaiman.com\/index.php\/wp-json\/wp\/v2\/pages\/302\/revisions\/492"}],"wp:attachment":[{"href":"https:\/\/tiphaniesaiman.com\/index.php\/wp-json\/wp\/v2\/media?parent=302"}],"curies":[{"name":"wp","href":"https:\/\/api.w.org\/{rel}","templated":true}]}}